{"id":3881,"date":"2022-11-09T11:01:21","date_gmt":"2022-11-09T10:01:21","guid":{"rendered":"https:\/\/socma.info\/politique-de-confidentialite\/"},"modified":"2023-09-04T18:18:56","modified_gmt":"2023-09-04T16:18:56","slug":"politique-de-confidentialite","status":"publish","type":"page","link":"https:\/\/socma.info\/es\/politique-de-confidentialite\/","title":{"rendered":"Privacidad"},"content":{"rendered":"\t\t<div data-elementor-type=\"wp-page\" data-elementor-id=\"3881\" class=\"elementor elementor-3881 elementor-442\" data-elementor-post-type=\"page\">\n\t\t\t\t\t\t\t\t\t<section class=\"elementor-section elementor-top-section elementor-element elementor-element-83d7d2f elementor-section-boxed elementor-section-height-default elementor-section-height-default\" data-id=\"83d7d2f\" data-element_type=\"section\">\n\t\t\t\t\t\t<div class=\"elementor-container elementor-column-gap-default\">\n\t\t\t\t\t<div class=\"elementor-column elementor-col-100 elementor-top-column elementor-element elementor-element-e751a0e\" data-id=\"e751a0e\" data-element_type=\"column\">\n\t\t\t<div class=\"elementor-widget-wrap elementor-element-populated\">\n\t\t\t\t\t\t\t\t<div class=\"elementor-element elementor-element-594bdf4 elementor-invisible elementor-widget elementor-widget-heading\" data-id=\"594bdf4\" data-element_type=\"widget\" data-settings=\"{&quot;_animation&quot;:&quot;fadeInUp&quot;}\" data-widget_type=\"heading.default\">\n\t\t\t\t<div class=\"elementor-widget-container\">\n\t\t\t<style>\/*! elementor - v3.18.0 - 20-12-2023 *\/\n.elementor-heading-title{padding:0;margin:0;line-height:1}.elementor-widget-heading .elementor-heading-title[class*=elementor-size-]>a{color:inherit;font-size:inherit;line-height:inherit}.elementor-widget-heading .elementor-heading-title.elementor-size-small{font-size:15px}.elementor-widget-heading .elementor-heading-title.elementor-size-medium{font-size:19px}.elementor-widget-heading .elementor-heading-title.elementor-size-large{font-size:29px}.elementor-widget-heading .elementor-heading-title.elementor-size-xl{font-size:39px}.elementor-widget-heading .elementor-heading-title.elementor-size-xxl{font-size:59px}<\/style><h1 class=\"elementor-heading-title elementor-size-default\">Privacidad<\/h1>\t\t<\/div>\n\t\t\t\t<\/div>\n\t\t\t\t<div class=\"elementor-element elementor-element-1c669ec elementor-widget elementor-widget-text-editor\" data-id=\"1c669ec\" data-element_type=\"widget\" data-widget_type=\"text-editor.default\">\n\t\t\t\t<div class=\"elementor-widget-container\">\n\t\t\t<style>\/*! elementor - v3.18.0 - 20-12-2023 *\/\n.elementor-widget-text-editor.elementor-drop-cap-view-stacked .elementor-drop-cap{background-color:#69727d;color:#fff}.elementor-widget-text-editor.elementor-drop-cap-view-framed .elementor-drop-cap{color:#69727d;border:3px solid;background-color:transparent}.elementor-widget-text-editor:not(.elementor-drop-cap-view-default) .elementor-drop-cap{margin-top:8px}.elementor-widget-text-editor:not(.elementor-drop-cap-view-default) .elementor-drop-cap-letter{width:1em;height:1em}.elementor-widget-text-editor .elementor-drop-cap{float:left;text-align:center;line-height:1;font-size:50px}.elementor-widget-text-editor .elementor-drop-cap-letter{display:inline-block}<\/style>\t\t\t\t<section id=\"mentions_legales\" class=\" ct-section\"><div class=\"ct-section-inner-wrap\"><div id=\"div_block-9-571\" class=\"ct-div-block\"><div id=\"_rich_text-10-571\" class=\"oxy-rich-text\"><section class=\"l-section wpb_row height_medium\"><div class=\"l-section-h i-cf\"><div class=\"g-cols vc_row type_default valign_top\"><div class=\"vc_col-sm-12 wpb_column vc_column_container\"><div class=\"vc_column-inner\"><div class=\"wpb_wrapper\"><div class=\"wpb_text_column\"><div class=\"wpb_wrapper\"><h2>\u00bfQui\u00e9nes somos?<\/h2><p>Propietario : SOCIETE OCCITANE DE MAINTENANCE &#8211; Remi Ferrandez &#8211; SIRET N\u00b0 35380000600036 &#8211; C\u00f3digo ape (NAF) 2830Z &#8211; RUE ANTOINE BECQUEREL, 11100 NARBONNE<\/p><p>Director de la publicaci\u00f3n: Remi Ferrandez &#8211; <a href=\"mailto:remi@socma.info\">remi@socma.info<\/a><\/p><p>La direcci\u00f3n de nuestro sitio web es: <a href=\"https:\/\/www.socma.info\">https:\/\/www.socma.info<\/a>.<\/p><h2>Uso de los datos personales recogidos<\/h2><h3>Comentarios<\/h3>Cuando deja un comentario en nuestro sitio web, se recogen los datos introducidos en el formulario de comentarios, pero tambi\u00e9n su direcci\u00f3n IP y el agente de usuario de su navegador para ayudarnos a detectar comentarios no deseados.<\/div><div class=\"wpb_wrapper\"><br \/>Una cadena an\u00f3nima creada a partir de su direcci\u00f3n de correo electr\u00f3nico (tambi\u00e9n conocida como hash) puede ser enviada al servicio Gravatar para comprobar si usted lo est\u00e1 utilizando. Las cl\u00e1usulas de confidencialidad del servicio Gravatar est\u00e1n disponibles aqu\u00ed: https:\/\/automattic.com\/privacy\/. Una vez validado su comentario, su foto de perfil ser\u00e1 visible p\u00fablicamente junto a su comentario.<\/div><div class=\"wpb_wrapper\"><h3>Medios de comunicaci\u00f3n<\/h3><p>Si eres un usuario registrado y subes im\u00e1genes al sitio web, te aconsejamos que evites subir im\u00e1genes que contengan datos EXIF de coordenadas GPS. Los visitantes de su sitio web pueden descargar y extraer datos de localizaci\u00f3n de estas im\u00e1genes.<\/p><h3>Formularios de contacto<\/h3><h3>Cookies<\/h3><p>Si deja un comentario en nuestro sitio, se le pedir\u00e1 que guarde su nombre, direcci\u00f3n de correo electr\u00f3nico y sitio web en cookies. Esto es s\u00f3lo para su comodidad, para que no tenga que introducir esta informaci\u00f3n si publica otro comentario m\u00e1s tarde. Estas cookies caducan al cabo de un a\u00f1o.<\/p><p>Si tiene una cuenta y entra en este sitio, se crear\u00e1 una cookie temporal para determinar si su navegador acepta cookies. No contiene ning\u00fan dato personal y se borrar\u00e1 autom\u00e1ticamente cuando cierre su navegador.<\/p><p>Cuando se conecte, estableceremos una serie de cookies para registrar sus datos de conexi\u00f3n y preferencias de pantalla. La vida \u00fatil de una cookie de conexi\u00f3n es de dos d\u00edas, la de una cookie de opci\u00f3n de pantalla es de un a\u00f1o. Si marca \u00abRecordarme\u00bb, su cookie de conexi\u00f3n se conservar\u00e1 durante quince d\u00edas. Si sale de su cuenta, se borrar\u00e1 la cookie de conexi\u00f3n.<\/p><p>Al modificar o publicar un art\u00edculo, se almacenar\u00e1 una cookie adicional en su navegador. Esta cookie no contiene ning\u00fan dato personal. Simplemente indica el identificador del art\u00edculo que acaba de modificar. Caduca al cabo de un d\u00eda.<\/p><h3>Contenido incrustado de otros sitios<\/h3><p>Los art\u00edculos de este sitio pueden incluir contenido incrustado (por ejemplo, v\u00eddeos, im\u00e1genes, art\u00edculos, etc.). El contenido incrustado de otros sitios se comporta de la misma manera que si el visitante estuviera visitando ese otro sitio.<\/p><p>Estos sitios web pueden recopilar datos sobre usted, utilizar cookies, incrustar herramientas de seguimiento de terceros y rastrear sus interacciones con este contenido incrustado si tiene una cuenta iniciada en su sitio web.<\/p><\/div><\/div><\/div><\/div><\/div><\/div><\/div><\/section><\/div><\/div><\/div><\/section>\t\t\t\t\t\t<\/div>\n\t\t\t\t<\/div>\n\t\t\t\t\t<\/div>\n\t\t<\/div>\n\t\t\t\t\t\t\t<\/div>\n\t\t<\/section>\n\t\t\t\t<section class=\"elementor-section elementor-top-section elementor-element elementor-element-9e7e08d elementor-section-boxed elementor-section-height-default elementor-section-height-default\" data-id=\"9e7e08d\" data-element_type=\"section\">\n\t\t\t\t\t\t<div class=\"elementor-container elementor-column-gap-default\">\n\t\t\t\t\t<div class=\"elementor-column elementor-col-100 elementor-top-column elementor-element elementor-element-94006b0\" data-id=\"94006b0\" data-element_type=\"column\">\n\t\t\t<div class=\"elementor-widget-wrap\">\n\t\t\t\t\t\t\t\t\t<\/div>\n\t\t<\/div>\n\t\t\t\t\t\t\t<\/div>\n\t\t<\/section>\n\t\t\t\t\t\t\t<\/div>\n\t\t","protected":false},"excerpt":{"rendered":"<p>Privacidad \u00bfQui\u00e9nes somos? Propietario : SOCIETE OCCITANE DE MAINTENANCE &#8211; Remi Ferrandez &#8211; SIRET N\u00b0 35380000600036 &#8211; C\u00f3digo ape (NAF) 2830Z &#8211; RUE ANTOINE BECQUEREL, 11100 NARBONNE Director de la publicaci\u00f3n: Remi Ferrandez &#8211; remi@socma.info La direcci\u00f3n de nuestro sitio web es: https:\/\/www.socma.info. Uso de los datos personales recogidos Comentarios Cuando deja un comentario en [&hellip;]<\/p>\n","protected":false},"author":1,"featured_media":0,"parent":0,"menu_order":0,"comment_status":"closed","ping_status":"closed","template":"elementor_header_footer","meta":{"inline_featured_image":false,"footnotes":""},"class_list":["post-3881","page","type-page","status-publish","hentry"],"acf":[],"yoast_head":"<!-- This site is optimized with the Yoast SEO plugin v21.8 - https:\/\/yoast.com\/wordpress\/plugins\/seo\/ -->\n<title>Privacidad | SOCMA<\/title>\n<meta name=\"robots\" content=\"noindex, follow\" \/>\n<meta property=\"og:locale\" content=\"es_ES\" \/>\n<meta property=\"og:type\" content=\"article\" \/>\n<meta property=\"og:title\" content=\"Privacidad | SOCMA\" \/>\n<meta property=\"og:description\" content=\"Privacidad \u00bfQui\u00e9nes somos? Propietario : SOCIETE OCCITANE DE MAINTENANCE &#8211; Remi Ferrandez &#8211; SIRET N\u00b0 35380000600036 &#8211; C\u00f3digo ape (NAF) 2830Z &#8211; RUE ANTOINE BECQUEREL, 11100 NARBONNE Director de la publicaci\u00f3n: Remi Ferrandez &#8211; remi@socma.info La direcci\u00f3n de nuestro sitio web es: https:\/\/www.socma.info. Uso de los datos personales recogidos Comentarios Cuando deja un comentario en [&hellip;]\" \/>\n<meta property=\"og:url\" content=\"https:\/\/socma.info\/es\/politique-de-confidentialite\/\" \/>\n<meta property=\"og:site_name\" content=\"SOCMA\" \/>\n<meta property=\"article:publisher\" content=\"https:\/\/www.facebook.com\/Socma.France\/\" \/>\n<meta property=\"article:modified_time\" content=\"2023-09-04T16:18:56+00:00\" \/>\n<meta name=\"twitter:card\" content=\"summary_large_image\" \/>\n<meta name=\"twitter:label1\" content=\"Tiempo de lectura\" \/>\n\t<meta name=\"twitter:data1\" content=\"3 minutos\" \/>\n<script type=\"application\/ld+json\" class=\"yoast-schema-graph\">{\"@context\":\"https:\/\/schema.org\",\"@graph\":[{\"@type\":\"WebPage\",\"@id\":\"https:\/\/socma.info\/es\/politique-de-confidentialite\/\",\"url\":\"https:\/\/socma.info\/es\/politique-de-confidentialite\/\",\"name\":\"Privacidad | SOCMA\",\"isPartOf\":{\"@id\":\"https:\/\/socma.info\/es\/#website\"},\"datePublished\":\"2022-11-09T10:01:21+00:00\",\"dateModified\":\"2023-09-04T16:18:56+00:00\",\"breadcrumb\":{\"@id\":\"https:\/\/socma.info\/es\/politique-de-confidentialite\/#breadcrumb\"},\"inLanguage\":\"es\",\"potentialAction\":[{\"@type\":\"ReadAction\",\"target\":[\"https:\/\/socma.info\/es\/politique-de-confidentialite\/\"]}]},{\"@type\":\"BreadcrumbList\",\"@id\":\"https:\/\/socma.info\/es\/politique-de-confidentialite\/#breadcrumb\",\"itemListElement\":[{\"@type\":\"ListItem\",\"position\":1,\"name\":\"Accueil\",\"item\":\"https:\/\/socma.info\/es\/\"},{\"@type\":\"ListItem\",\"position\":2,\"name\":\"Privacidad\"}]},{\"@type\":\"WebSite\",\"@id\":\"https:\/\/socma.info\/es\/#website\",\"url\":\"https:\/\/socma.info\/es\/\",\"name\":\"SOCMA\",\"description\":\"Le respect du fruit de vos efforts\",\"publisher\":{\"@id\":\"https:\/\/socma.info\/es\/#organization\"},\"alternateName\":\"Soci\u00e9t\u00e9 Occitane de Maintenance\",\"potentialAction\":[{\"@type\":\"SearchAction\",\"target\":{\"@type\":\"EntryPoint\",\"urlTemplate\":\"https:\/\/socma.info\/es\/?s={search_term_string}\"},\"query-input\":\"required name=search_term_string\"}],\"inLanguage\":\"es\"},{\"@type\":\"Organization\",\"@id\":\"https:\/\/socma.info\/es\/#organization\",\"name\":\"SOCMA\",\"alternateName\":\"Soci\u00e9t\u00e9 Occitane de Maintenance\",\"url\":\"https:\/\/socma.info\/es\/\",\"logo\":{\"@type\":\"ImageObject\",\"inLanguage\":\"es\",\"@id\":\"https:\/\/socma.info\/es\/#\/schema\/logo\/image\/\",\"url\":\"https:\/\/socma.info\/wp-content\/uploads\/2022\/11\/LOGO-SOCMA.png\",\"contentUrl\":\"https:\/\/socma.info\/wp-content\/uploads\/2022\/11\/LOGO-SOCMA.png\",\"width\":800,\"height\":644,\"caption\":\"SOCMA\"},\"image\":{\"@id\":\"https:\/\/socma.info\/es\/#\/schema\/logo\/image\/\"},\"sameAs\":[\"https:\/\/www.facebook.com\/Socma.France\/\",\"https:\/\/www.instagram.com\/socma_narbonne\/\",\"https:\/\/www.linkedin.com\/company\/socma-narbonne\/\"]}]}<\/script>\n<!-- \/ Yoast SEO plugin. -->","yoast_head_json":{"title":"Privacidad | SOCMA","robots":{"index":"noindex","follow":"follow"},"og_locale":"es_ES","og_type":"article","og_title":"Privacidad | SOCMA","og_description":"Privacidad \u00bfQui\u00e9nes somos? Propietario : SOCIETE OCCITANE DE MAINTENANCE &#8211; Remi Ferrandez &#8211; SIRET N\u00b0 35380000600036 &#8211; C\u00f3digo ape (NAF) 2830Z &#8211; RUE ANTOINE BECQUEREL, 11100 NARBONNE Director de la publicaci\u00f3n: Remi Ferrandez &#8211; remi@socma.info La direcci\u00f3n de nuestro sitio web es: https:\/\/www.socma.info. Uso de los datos personales recogidos Comentarios Cuando deja un comentario en [&hellip;]","og_url":"https:\/\/socma.info\/es\/politique-de-confidentialite\/","og_site_name":"SOCMA","article_publisher":"https:\/\/www.facebook.com\/Socma.France\/","article_modified_time":"2023-09-04T16:18:56+00:00","twitter_card":"summary_large_image","twitter_misc":{"Tiempo de lectura":"3 minutos"},"schema":{"@context":"https:\/\/schema.org","@graph":[{"@type":"WebPage","@id":"https:\/\/socma.info\/es\/politique-de-confidentialite\/","url":"https:\/\/socma.info\/es\/politique-de-confidentialite\/","name":"Privacidad | SOCMA","isPartOf":{"@id":"https:\/\/socma.info\/es\/#website"},"datePublished":"2022-11-09T10:01:21+00:00","dateModified":"2023-09-04T16:18:56+00:00","breadcrumb":{"@id":"https:\/\/socma.info\/es\/politique-de-confidentialite\/#breadcrumb"},"inLanguage":"es","potentialAction":[{"@type":"ReadAction","target":["https:\/\/socma.info\/es\/politique-de-confidentialite\/"]}]},{"@type":"BreadcrumbList","@id":"https:\/\/socma.info\/es\/politique-de-confidentialite\/#breadcrumb","itemListElement":[{"@type":"ListItem","position":1,"name":"Accueil","item":"https:\/\/socma.info\/es\/"},{"@type":"ListItem","position":2,"name":"Privacidad"}]},{"@type":"WebSite","@id":"https:\/\/socma.info\/es\/#website","url":"https:\/\/socma.info\/es\/","name":"SOCMA","description":"Le respect du fruit de vos efforts","publisher":{"@id":"https:\/\/socma.info\/es\/#organization"},"alternateName":"Soci\u00e9t\u00e9 Occitane de Maintenance","potentialAction":[{"@type":"SearchAction","target":{"@type":"EntryPoint","urlTemplate":"https:\/\/socma.info\/es\/?s={search_term_string}"},"query-input":"required name=search_term_string"}],"inLanguage":"es"},{"@type":"Organization","@id":"https:\/\/socma.info\/es\/#organization","name":"SOCMA","alternateName":"Soci\u00e9t\u00e9 Occitane de Maintenance","url":"https:\/\/socma.info\/es\/","logo":{"@type":"ImageObject","inLanguage":"es","@id":"https:\/\/socma.info\/es\/#\/schema\/logo\/image\/","url":"https:\/\/socma.info\/wp-content\/uploads\/2022\/11\/LOGO-SOCMA.png","contentUrl":"https:\/\/socma.info\/wp-content\/uploads\/2022\/11\/LOGO-SOCMA.png","width":800,"height":644,"caption":"SOCMA"},"image":{"@id":"https:\/\/socma.info\/es\/#\/schema\/logo\/image\/"},"sameAs":["https:\/\/www.facebook.com\/Socma.France\/","https:\/\/www.instagram.com\/socma_narbonne\/","https:\/\/www.linkedin.com\/company\/socma-narbonne\/"]}]}},"_links":{"self":[{"href":"https:\/\/socma.info\/es\/wp-json\/wp\/v2\/pages\/3881","targetHints":{"allow":["GET"]}}],"collection":[{"href":"https:\/\/socma.info\/es\/wp-json\/wp\/v2\/pages"}],"about":[{"href":"https:\/\/socma.info\/es\/wp-json\/wp\/v2\/types\/page"}],"author":[{"embeddable":true,"href":"https:\/\/socma.info\/es\/wp-json\/wp\/v2\/users\/1"}],"replies":[{"embeddable":true,"href":"https:\/\/socma.info\/es\/wp-json\/wp\/v2\/comments?post=3881"}],"version-history":[{"count":4,"href":"https:\/\/socma.info\/es\/wp-json\/wp\/v2\/pages\/3881\/revisions"}],"predecessor-version":[{"id":3885,"href":"https:\/\/socma.info\/es\/wp-json\/wp\/v2\/pages\/3881\/revisions\/3885"}],"wp:attachment":[{"href":"https:\/\/socma.info\/es\/wp-json\/wp\/v2\/media?parent=3881"}],"curies":[{"name":"wp","href":"https:\/\/api.w.org\/{rel}","templated":true}]}}