{"id":3875,"date":"2022-11-09T11:05:13","date_gmt":"2022-11-09T10:05:13","guid":{"rendered":"https:\/\/socma.info\/mentions-legales\/"},"modified":"2023-09-04T18:14:17","modified_gmt":"2023-09-04T16:14:17","slug":"mentions-legales","status":"publish","type":"page","link":"https:\/\/socma.info\/es\/mentions-legales\/","title":{"rendered":"Aviso legal"},"content":{"rendered":"\t\t<div data-elementor-type=\"wp-page\" data-elementor-id=\"3875\" class=\"elementor elementor-3875 elementor-447\" data-elementor-post-type=\"page\">\n\t\t\t\t\t\t\t\t\t<section class=\"elementor-section elementor-top-section elementor-element elementor-element-83d7d2f elementor-section-boxed elementor-section-height-default elementor-section-height-default\" data-id=\"83d7d2f\" data-element_type=\"section\">\n\t\t\t\t\t\t<div class=\"elementor-container elementor-column-gap-default\">\n\t\t\t\t\t<div class=\"elementor-column elementor-col-100 elementor-top-column elementor-element elementor-element-e751a0e\" data-id=\"e751a0e\" data-element_type=\"column\">\n\t\t\t<div class=\"elementor-widget-wrap elementor-element-populated\">\n\t\t\t\t\t\t\t\t<div class=\"elementor-element elementor-element-594bdf4 elementor-invisible elementor-widget elementor-widget-heading\" data-id=\"594bdf4\" data-element_type=\"widget\" data-settings=\"{&quot;_animation&quot;:&quot;fadeInUp&quot;}\" data-widget_type=\"heading.default\">\n\t\t\t\t<div class=\"elementor-widget-container\">\n\t\t\t<style>\/*! elementor - v3.18.0 - 20-12-2023 *\/\n.elementor-heading-title{padding:0;margin:0;line-height:1}.elementor-widget-heading .elementor-heading-title[class*=elementor-size-]>a{color:inherit;font-size:inherit;line-height:inherit}.elementor-widget-heading .elementor-heading-title.elementor-size-small{font-size:15px}.elementor-widget-heading .elementor-heading-title.elementor-size-medium{font-size:19px}.elementor-widget-heading .elementor-heading-title.elementor-size-large{font-size:29px}.elementor-widget-heading .elementor-heading-title.elementor-size-xl{font-size:39px}.elementor-widget-heading .elementor-heading-title.elementor-size-xxl{font-size:59px}<\/style><h1 class=\"elementor-heading-title elementor-size-default\">Aviso legal<\/h1>\t\t<\/div>\n\t\t\t\t<\/div>\n\t\t\t\t<div class=\"elementor-element elementor-element-1c669ec elementor-widget elementor-widget-text-editor\" data-id=\"1c669ec\" data-element_type=\"widget\" data-widget_type=\"text-editor.default\">\n\t\t\t\t<div class=\"elementor-widget-container\">\n\t\t\t<style>\/*! elementor - v3.18.0 - 20-12-2023 *\/\n.elementor-widget-text-editor.elementor-drop-cap-view-stacked .elementor-drop-cap{background-color:#69727d;color:#fff}.elementor-widget-text-editor.elementor-drop-cap-view-framed .elementor-drop-cap{color:#69727d;border:3px solid;background-color:transparent}.elementor-widget-text-editor:not(.elementor-drop-cap-view-default) .elementor-drop-cap{margin-top:8px}.elementor-widget-text-editor:not(.elementor-drop-cap-view-default) .elementor-drop-cap-letter{width:1em;height:1em}.elementor-widget-text-editor .elementor-drop-cap{float:left;text-align:center;line-height:1;font-size:50px}.elementor-widget-text-editor .elementor-drop-cap-letter{display:inline-block}<\/style>\t\t\t\t<section id=\"mentions_legales\" class=\" ct-section\"><div class=\"ct-section-inner-wrap\"><div id=\"div_block-9-571\" class=\"ct-div-block\"><div id=\"_rich_text-10-571\" class=\"oxy-rich-text\"><section class=\"l-section wpb_row height_medium\"><div class=\"l-section-h i-cf\"><div class=\"g-cols vc_row type_default valign_top\"><div class=\"vc_col-sm-12 wpb_column vc_column_container\"><div class=\"vc_column-inner\"><div class=\"wpb_wrapper\"><div class=\"wpb_text_column\"><div class=\"wpb_wrapper\"><h3>1. Presentaci\u00f3n del sitio web<\/h3>De conformidad con el art\u00edculo 6 de la Ley n\u00ba 2004-575, de 21 de junio de 2004, sobre la confianza en la econom\u00eda digital, se informa a los usuarios del sitio web <a href=\"https:\/\/www.socma.info\">www.socma.info<\/a> de la identidad de las distintas partes que participan en su creaci\u00f3n y seguimiento:<\/div><div class=\"wpb_wrapper\"><br \/><strong>Propietario<\/strong>: SOCIETE OCCITANE DE MAINTENANCE \u2013 Remi Ferrandez \u2013 N\u00b0 de SIRET 35380000600036 \u2013 Code ape (NAF) 2830Z \u2013 RUE ANTOINE BECQUEREL, 11100 NARBONNE<\/div><div class=\"wpb_wrapper\"><br \/><strong>Directora de la publicaci\u00f3n<\/strong>: Remi Ferrandez \u2013 remi@socma.info<br \/>Webmaster: Les Fr\u00e8res Patacq<\/div><div class=\"wpb_wrapper\"><br \/><strong>Anfitri\u00f3n<\/strong>: OVH \u2013 2 rue Kellermann \u2013 59100 Roubaix \u2013 France<\/div><div class=\"wpb_wrapper\"><h3>2. Condiciones generales de uso del sitio y de los servicios ofrecidos.<\/h3>El uso del sitio web <a href=\"https:\/\/www.socma.info\">www.socma.info<\/a> implica la plena aceptaci\u00f3n de las condiciones generales de uso que se describen a continuaci\u00f3n. Estas condiciones de uso pueden ser modificadas o complementadas en cualquier momento, por lo que se invita a los usuarios del sitio web <a href=\"https:\/\/www.socma.info\">www.socma.info<\/a> a consultarlas regularmente.<\/div><div class=\"wpb_wrapper\"><br \/>Este sitio web es normalmente accesible para los usuarios en todo momento. No obstante, puede decidir interrumpir el sitio por motivos de mantenimiento t\u00e9cnico. En tal caso, SOCIETE OCCITANE DE MAINTENANCE \u2013 Remi Ferrandez har\u00e1 todo lo posible por informar previamente a los usuarios de las fechas y horas de la intervenci\u00f3n.<\/div><div class=\"wpb_wrapper\"><br \/>El sitio web <a href=\"https:\/\/www.socma.info\">www.socma.info<\/a> se actualiza regularmente. Del mismo modo, los avisos legales pueden modificarse en cualquier momento: no obstante, son vinculantes para el usuario, al que se invita a consultarlos con la mayor frecuencia posible para tomar nota de ellos.<\/div><div class=\"wpb_wrapper\"><h3>3. Descripci\u00f3n de los servicios prestados.<\/h3>El objetivo del sitio web <a href=\"https:\/\/www.socma.info\">www.socma.info<\/a> es proporcionar informaci\u00f3n sobre las actividades de la empresa.<\/div><div class=\"wpb_wrapper\"><br \/>SOCIETE OCCITANE DE MAINTENANCE \u2013 Remi Ferrandez se esfuerza por ofrecer en el sitio web www.socma.info una informaci\u00f3n lo m\u00e1s exacta posible. No obstante, no se le puede responsabilizar de las omisiones, inexactitudes y deficiencias en la actualizaci\u00f3n, ya sean de su propia cosecha o de la de los terceros asociados que proporcionan esta informaci\u00f3n.<\/div><div class=\"wpb_wrapper\"><br \/>Toda la informaci\u00f3n que aparece en el sitio web www.socma.info se ofrece a t\u00edtulo informativo y est\u00e1 sujeta a cambios. Adem\u00e1s, la informaci\u00f3n del sitio web www.socma.info no es exhaustiva. Se da a condici\u00f3n de que se hayan hecho modificaciones desde que se puso en l\u00ednea.<\/div><div class=\"wpb_wrapper\"><h3>4. Limitaciones contractuales de los datos t\u00e9cnicos.<\/h3>El sitio utiliza la tecnolog\u00eda JavaScript.<\/div><div class=\"wpb_wrapper\"><br \/>El sitio web no se hace responsable de los da\u00f1os materiales relacionados con el uso del sitio. Adem\u00e1s, el usuario del sitio se compromete a acceder al mismo utilizando un equipo reciente, libre de virus y con un navegador actualizado de \u00faltima generaci\u00f3n.<\/div><div class=\"wpb_wrapper\"><h3>5. Propiedad intelectual y falsificaci\u00f3n.<\/h3>SOCIETE OCCITANE DE MAINTENANCE \u2013 Remi Ferrandez es el propietario de los derechos de propiedad intelectual y posee los derechos de uso de todos los elementos accesibles en el sitio web, especialmente los textos, im\u00e1genes, gr\u00e1ficos, logotipos, v\u00eddeos, iconos y sonidos.<\/div><div class=\"wpb_wrapper\"><br \/>Las im\u00e1genes que ilustran el sitio y que no pertenecen a SOCIETE OCCITANE DE MAINTENANCE \u2013 Remi est\u00e1n tomadas de sitios que ofrecen im\u00e1genes gratuitas y de pago libres de derechos: SOCIETE OCCITANE DE MAINTENANCE \u2013 Remi Ferrandez.<\/div><div class=\"wpb_wrapper\"><br \/>Toda utilizaci\u00f3n no autorizada del sitio o de alguno de los elementos que contiene se considerar\u00e1 constitutiva de infracci\u00f3n y ser\u00e1 perseguida de conformidad con las disposiciones de los art\u00edculos L.335-2 y siguientes del C\u00f3digo de la Propiedad Intelectual.<\/div><div class=\"wpb_wrapper\"><h3>6. Limitaciones de responsabilidad.<\/h3><p>SOCIETE OCCITANE DE MAINTENANCE \u2013 Remi Ferrandez no se hace responsable de los da\u00f1os directos e indirectos causados al equipo del usuario al acceder al sitio web <a href=\"https:\/\/www.socma.info\">www.socma.info<\/a>, y que sean consecuencia bien del uso de un equipo que no cumpla las especificaciones indicadas en el punto 4, bien de la aparici\u00f3n de un error o de una incompatibilidad.<\/p><p>SOCIETE OCCITANE DE MAINTENANCE \u2013 Remi Ferrandez no se hace responsable de los da\u00f1os indirectos (como la p\u00e9rdida de mercado o la p\u00e9rdida de oportunidades) derivados del uso del sitio web <a href=\"https:\/\/www.socma.info\">www.socma.info<\/a>.<\/p><p>Los usuarios disponen de espacios interactivos (posibilidad de hacer preguntas en la zona de contacto). SOCIETE OCCITANE DE MAINTENANCE \u2013 Remi Ferrandez se reserva el derecho de eliminar, sin previo aviso, cualquier contenido publicado en este espacio que contravenga la legislaci\u00f3n aplicable en Francia, en particular las disposiciones relativas a la protecci\u00f3n de datos. En caso de necesidad, SOCIETE OCCITANE DE MAINTENANCE \u2013 Remi Ferrandez se reserva tambi\u00e9n la posibilidad de apelar a la responsabilidad civil y\/o penal del usuario, en particular en el caso de mensajes de car\u00e1cter racista, insultante, difamatorio o pornogr\u00e1fico, cualquiera que sea el soporte utilizado (texto, fotograf\u00edas, etc.).<\/p><h3>7. Gesti\u00f3n de datos personales.<\/h3><p>En Francia, los datos personales est\u00e1n protegidos por la ley n\u00ba 78-87 de 6 de enero de 1978, la ley n\u00ba 2004-801 de 6 de agosto de 2004, el art\u00edculo L. 226-13 del C\u00f3digo Penal y la Directiva Europea de 24 de octubre de 1995.<\/p><p>Al utilizar el sitio web <a href=\"https:\/\/www.socma.info\">www.socma.info<\/a>, es posible que se recopile la siguiente informaci\u00f3n: la URL de los enlaces a trav\u00e9s de los cuales el usuario ha accedido al sitio web www.socma.info, el proveedor de acceso del usuario, la direcci\u00f3n de protocolo de Internet (IP) del usuario.<\/p><p>En cualquier caso, la SOCIETE OCCITANE DE MAINTENANCE &#8211; Remi Ferrandez s\u00f3lo recoge informaci\u00f3n personal relativa al usuario a efectos de determinados servicios ofrecidos por el sitio web www.socma.info. Los usuarios facilitan esta informaci\u00f3n con pleno conocimiento de causa, especialmente cuando la introducen ellos mismos. A continuaci\u00f3n, se informa a los usuarios del sitio web www.socma.info de la obligaci\u00f3n o no de facilitar dicha informaci\u00f3n.<\/p><p>De conformidad con las disposiciones de los art\u00edculos 38 y siguientes de la Ley 78-17 de 6 de enero de 1978 relativa a la inform\u00e1tica, a los ficheros y a las libertades, todo usuario dispone de un derecho de acceso, de rectificaci\u00f3n y de oposici\u00f3n a los datos de car\u00e1cter personal que le conciernan, mediante solicitud escrita y firmada, acompa\u00f1ada de una copia del documento de identidad con la firma del portador del documento, precisando la direcci\u00f3n a la que debe enviarse la respuesta.<\/p><p>Inguna informaci\u00f3n personal del usuario del sitio <a href=\"https:\/\/www.socma.info\">www.socma.info<\/a> es publicada sin el conocimiento del usuario, intercambiada, transferida o vendida en ning\u00fan soporte a terceros. S\u00f3lo la asunci\u00f3n de la compra de SOCIETE OCCITANE DE MAINTENANCE &#8211; Remi Ferrandez y de sus derechos permitir\u00eda la transmisi\u00f3n de dicha informaci\u00f3n al eventual comprador que a su vez estar\u00eda vinculado por la misma obligaci\u00f3n de conservaci\u00f3n y modificaci\u00f3n de los datos con respecto al usuario del sitio <a href=\"https:\/\/www.socma.info\">www.socma.info<\/a>.<\/p><p>El sitio no ha sido declarado a la CNIL ya que no recoge informaci\u00f3n personal.<\/p><p>Las bases de datos est\u00e1n protegidas por las disposiciones de la ley de 1 de julio de 1998 que transpone la directiva 96\/9 de 11 de marzo de 1996 sobre la protecci\u00f3n jur\u00eddica de las bases de datos.<\/p><h3>8. <strong>Enlaces de hipertexto y cookies.<\/strong><\/h3><p>El sitio <a href=\"https:\/\/www.socma.info\">www.socma.info<\/a> contiene una serie de enlaces de hipertexto hacia otros sitios, establecidos con la autorizaci\u00f3n de la SOCIETE OCCITANE DE MAINTENANCE &#8211; Remi Ferrandez. No obstante, la SOCIETE OCCITANE DE MAINTENANCE &#8211; Remi Ferrandez no est\u00e1 en condiciones de controlar el contenido de los sitios visitados de este modo y, por consiguiente, no asume ninguna responsabilidad al respecto.<\/p><p>La navegaci\u00f3n por el sitio web <a href=\"https:\/\/www.socma.info\">www.socma.info<\/a> puede dar lugar a la instalaci\u00f3n de cookie(s) en el ordenador del usuario. Una cookie es un peque\u00f1o archivo que no permite identificar al usuario, pero que registra informaci\u00f3n relativa a la navegaci\u00f3n de un ordenador en un sitio. Los datos obtenidos de este modo est\u00e1n destinados a facilitar la navegaci\u00f3n posterior por el sitio y tambi\u00e9n se utilizan para medir el n\u00famero de visitantes.<\/p><p>El rechazo a instalar una cookie puede imposibilitar el acceso a determinados servicios. No obstante, el usuario puede configurar su ordenador de la siguiente manera para rechazar la instalaci\u00f3n de cookies:<\/p><p>En Internet Explorer: pesta\u00f1a Herramientas (icono en forma de rueda arriba a la derecha) \/ Opciones de Internet. Haga clic en Confidencialidad y seleccione Bloquear todas las cookies. Confirme con Ok.<\/p><p>Firefox: en la parte superior de la ventana del navegador, haga clic en el bot\u00f3n Firefox y, a continuaci\u00f3n, vaya a la pesta\u00f1a Opciones. Haga clic en la pesta\u00f1a Privacidad.<br \/>Establezca las Reglas de retenci\u00f3n en: utilizar una configuraci\u00f3n personalizada para el historial. Por \u00faltimo, desmarque para desactivar las cookies.<\/p><p>En Safari: haga clic en el icono de men\u00fa (simbolizado por una rueda dentada) situado en la esquina superior derecha del navegador. Selecciona Ajustes. Haga clic en Mostrar configuraci\u00f3n avanzada. En la secci\u00f3n \u00abConfidencialidad\u00bb, haga clic en \u00abConfiguraci\u00f3n de contenido\u00bb. En la secci\u00f3n \u00abCookies\u00bb, puede bloquear las cookies.<\/p><p>En Chrome: Haga clic en el icono de men\u00fa (simbolizado por tres l\u00edneas horizontales) situado en la esquina superior derecha del navegador. Seleccione Configuraci\u00f3n. Haga clic en Mostrar configuraci\u00f3n avanzada. En la secci\u00f3n \u00abConfidencialidad\u00bb, haga clic en Preferencias. En la pesta\u00f1a \u00abConfidencialidad\u00bb, puede bloquear las cookies.<\/p><h3>9. Uso de correos electr\u00f3nicos y listas de distribuci\u00f3n<\/h3><p>Al navegar por este sitio, es posible que se le pida que se una a una de las listas de distribuci\u00f3n de correo electr\u00f3nico del sitio. Los datos recogidos est\u00e1n sujetos a la aceptaci\u00f3n y libre voluntad del cliente. Ninguno de los datos de car\u00e1cter privado podr\u00e1 ser vendido o intercambiado con terceros.<\/p><p>Las listas de correo electr\u00f3nico profesionales proceden de nuestro socio principal <a href=\"https:\/\/www.emailandco.net\">Email&amp;Co &#8211; www.emailandco.net<\/a>, revendedor privado de soluciones de emailing personalizadas y eficaces.<\/p><h3>10. Legislaci\u00f3n y jurisdicci\u00f3n aplicables.<\/h3><p>Cualquier litigio relacionado con el uso del sitio web <a href=\"https:\/\/www.socma.info\">www.socma.info<\/a> est\u00e1 sujeto a la legislaci\u00f3n francesa. Los tribunales competentes de Paris tienen jurisdicci\u00f3n exclusiva.<\/p><h3>11. <strong>Las principales leyes implicadas.<\/strong><\/h3>Ley n\u00ba 78-17 de 6 de enero de 1978, modificada en particular por la ley n\u00ba 2004-801 de 6 de agosto de 2004 relativa a la inform\u00e1tica, los archivos y las libertades.<\/div><div class=\"wpb_wrapper\"><br \/>Ley n\u00b0 2004-575 de 21 de junio de 2004 para la confianza en la econom\u00eda digital.<\/div><div class=\"wpb_wrapper\"><h3>12. L\u00e9xico.<\/h3>Usuario: usuario de Internet que se conecta y utiliza el sitio mencionado.<\/div><div>\u00a0<\/div><div class=\"wpb_wrapper\">Informaci\u00f3n personal: \u201cinformaci\u00f3n que permite, bajo cualquier forma, directa o indirectamente, la identificaci\u00f3n de las personas f\u00edsicas a las que se aplica\u201d (art\u00edculo 4 de la ley n\u00b0 78-17 de 6 de enero de 1978).<\/div><\/div><\/div><\/div><\/div><\/div><\/div><\/section><\/div><\/div><\/div><\/section>\t\t\t\t\t\t<\/div>\n\t\t\t\t<\/div>\n\t\t\t\t\t<\/div>\n\t\t<\/div>\n\t\t\t\t\t\t\t<\/div>\n\t\t<\/section>\n\t\t\t\t\t\t\t<\/div>\n\t\t","protected":false},"excerpt":{"rendered":"<p>Aviso legal 1. Presentaci\u00f3n del sitio web De conformidad con el art\u00edculo 6 de la Ley n\u00ba 2004-575, de 21 de junio de 2004, sobre la confianza en la econom\u00eda digital, se informa a los usuarios del sitio web www.socma.info de la identidad de las distintas partes que participan en su creaci\u00f3n y seguimiento:Propietario: SOCIETE [&hellip;]<\/p>\n","protected":false},"author":1,"featured_media":0,"parent":0,"menu_order":0,"comment_status":"closed","ping_status":"closed","template":"elementor_header_footer","meta":{"inline_featured_image":false,"footnotes":""},"class_list":["post-3875","page","type-page","status-publish","hentry"],"acf":[],"yoast_head":"<!-- This site is optimized with the Yoast SEO plugin v21.8 - https:\/\/yoast.com\/wordpress\/plugins\/seo\/ -->\n<title>Aviso legal | SOCMA<\/title>\n<meta name=\"robots\" content=\"noindex, follow\" \/>\n<meta property=\"og:locale\" content=\"es_ES\" \/>\n<meta property=\"og:type\" content=\"article\" \/>\n<meta property=\"og:title\" content=\"Aviso legal | SOCMA\" \/>\n<meta property=\"og:description\" content=\"Aviso legal 1. Presentaci\u00f3n del sitio web De conformidad con el art\u00edculo 6 de la Ley n\u00ba 2004-575, de 21 de junio de 2004, sobre la confianza en la econom\u00eda digital, se informa a los usuarios del sitio web www.socma.info de la identidad de las distintas partes que participan en su creaci\u00f3n y seguimiento:Propietario: SOCIETE [&hellip;]\" \/>\n<meta property=\"og:url\" content=\"https:\/\/socma.info\/es\/mentions-legales\/\" \/>\n<meta property=\"og:site_name\" content=\"SOCMA\" \/>\n<meta property=\"article:publisher\" content=\"https:\/\/www.facebook.com\/Socma.France\/\" \/>\n<meta property=\"article:modified_time\" content=\"2023-09-04T16:14:17+00:00\" \/>\n<meta name=\"twitter:card\" content=\"summary_large_image\" \/>\n<meta name=\"twitter:label1\" content=\"Tiempo de lectura\" \/>\n\t<meta name=\"twitter:data1\" content=\"8 minutos\" \/>\n<script type=\"application\/ld+json\" class=\"yoast-schema-graph\">{\"@context\":\"https:\/\/schema.org\",\"@graph\":[{\"@type\":\"WebPage\",\"@id\":\"https:\/\/socma.info\/es\/mentions-legales\/\",\"url\":\"https:\/\/socma.info\/es\/mentions-legales\/\",\"name\":\"Aviso legal | SOCMA\",\"isPartOf\":{\"@id\":\"https:\/\/socma.info\/es\/#website\"},\"datePublished\":\"2022-11-09T10:05:13+00:00\",\"dateModified\":\"2023-09-04T16:14:17+00:00\",\"breadcrumb\":{\"@id\":\"https:\/\/socma.info\/es\/mentions-legales\/#breadcrumb\"},\"inLanguage\":\"es\",\"potentialAction\":[{\"@type\":\"ReadAction\",\"target\":[\"https:\/\/socma.info\/es\/mentions-legales\/\"]}]},{\"@type\":\"BreadcrumbList\",\"@id\":\"https:\/\/socma.info\/es\/mentions-legales\/#breadcrumb\",\"itemListElement\":[{\"@type\":\"ListItem\",\"position\":1,\"name\":\"Accueil\",\"item\":\"https:\/\/socma.info\/es\/\"},{\"@type\":\"ListItem\",\"position\":2,\"name\":\"Aviso legal\"}]},{\"@type\":\"WebSite\",\"@id\":\"https:\/\/socma.info\/es\/#website\",\"url\":\"https:\/\/socma.info\/es\/\",\"name\":\"SOCMA\",\"description\":\"Le respect du fruit de vos efforts\",\"publisher\":{\"@id\":\"https:\/\/socma.info\/es\/#organization\"},\"alternateName\":\"Soci\u00e9t\u00e9 Occitane de Maintenance\",\"potentialAction\":[{\"@type\":\"SearchAction\",\"target\":{\"@type\":\"EntryPoint\",\"urlTemplate\":\"https:\/\/socma.info\/es\/?s={search_term_string}\"},\"query-input\":\"required name=search_term_string\"}],\"inLanguage\":\"es\"},{\"@type\":\"Organization\",\"@id\":\"https:\/\/socma.info\/es\/#organization\",\"name\":\"SOCMA\",\"alternateName\":\"Soci\u00e9t\u00e9 Occitane de Maintenance\",\"url\":\"https:\/\/socma.info\/es\/\",\"logo\":{\"@type\":\"ImageObject\",\"inLanguage\":\"es\",\"@id\":\"https:\/\/socma.info\/es\/#\/schema\/logo\/image\/\",\"url\":\"https:\/\/socma.info\/wp-content\/uploads\/2022\/11\/LOGO-SOCMA.png\",\"contentUrl\":\"https:\/\/socma.info\/wp-content\/uploads\/2022\/11\/LOGO-SOCMA.png\",\"width\":800,\"height\":644,\"caption\":\"SOCMA\"},\"image\":{\"@id\":\"https:\/\/socma.info\/es\/#\/schema\/logo\/image\/\"},\"sameAs\":[\"https:\/\/www.facebook.com\/Socma.France\/\",\"https:\/\/www.instagram.com\/socma_narbonne\/\",\"https:\/\/www.linkedin.com\/company\/socma-narbonne\/\"]}]}<\/script>\n<!-- \/ Yoast SEO plugin. -->","yoast_head_json":{"title":"Aviso legal | SOCMA","robots":{"index":"noindex","follow":"follow"},"og_locale":"es_ES","og_type":"article","og_title":"Aviso legal | SOCMA","og_description":"Aviso legal 1. Presentaci\u00f3n del sitio web De conformidad con el art\u00edculo 6 de la Ley n\u00ba 2004-575, de 21 de junio de 2004, sobre la confianza en la econom\u00eda digital, se informa a los usuarios del sitio web www.socma.info de la identidad de las distintas partes que participan en su creaci\u00f3n y seguimiento:Propietario: SOCIETE [&hellip;]","og_url":"https:\/\/socma.info\/es\/mentions-legales\/","og_site_name":"SOCMA","article_publisher":"https:\/\/www.facebook.com\/Socma.France\/","article_modified_time":"2023-09-04T16:14:17+00:00","twitter_card":"summary_large_image","twitter_misc":{"Tiempo de lectura":"8 minutos"},"schema":{"@context":"https:\/\/schema.org","@graph":[{"@type":"WebPage","@id":"https:\/\/socma.info\/es\/mentions-legales\/","url":"https:\/\/socma.info\/es\/mentions-legales\/","name":"Aviso legal | SOCMA","isPartOf":{"@id":"https:\/\/socma.info\/es\/#website"},"datePublished":"2022-11-09T10:05:13+00:00","dateModified":"2023-09-04T16:14:17+00:00","breadcrumb":{"@id":"https:\/\/socma.info\/es\/mentions-legales\/#breadcrumb"},"inLanguage":"es","potentialAction":[{"@type":"ReadAction","target":["https:\/\/socma.info\/es\/mentions-legales\/"]}]},{"@type":"BreadcrumbList","@id":"https:\/\/socma.info\/es\/mentions-legales\/#breadcrumb","itemListElement":[{"@type":"ListItem","position":1,"name":"Accueil","item":"https:\/\/socma.info\/es\/"},{"@type":"ListItem","position":2,"name":"Aviso legal"}]},{"@type":"WebSite","@id":"https:\/\/socma.info\/es\/#website","url":"https:\/\/socma.info\/es\/","name":"SOCMA","description":"Le respect du fruit de vos efforts","publisher":{"@id":"https:\/\/socma.info\/es\/#organization"},"alternateName":"Soci\u00e9t\u00e9 Occitane de Maintenance","potentialAction":[{"@type":"SearchAction","target":{"@type":"EntryPoint","urlTemplate":"https:\/\/socma.info\/es\/?s={search_term_string}"},"query-input":"required name=search_term_string"}],"inLanguage":"es"},{"@type":"Organization","@id":"https:\/\/socma.info\/es\/#organization","name":"SOCMA","alternateName":"Soci\u00e9t\u00e9 Occitane de Maintenance","url":"https:\/\/socma.info\/es\/","logo":{"@type":"ImageObject","inLanguage":"es","@id":"https:\/\/socma.info\/es\/#\/schema\/logo\/image\/","url":"https:\/\/socma.info\/wp-content\/uploads\/2022\/11\/LOGO-SOCMA.png","contentUrl":"https:\/\/socma.info\/wp-content\/uploads\/2022\/11\/LOGO-SOCMA.png","width":800,"height":644,"caption":"SOCMA"},"image":{"@id":"https:\/\/socma.info\/es\/#\/schema\/logo\/image\/"},"sameAs":["https:\/\/www.facebook.com\/Socma.France\/","https:\/\/www.instagram.com\/socma_narbonne\/","https:\/\/www.linkedin.com\/company\/socma-narbonne\/"]}]}},"_links":{"self":[{"href":"https:\/\/socma.info\/es\/wp-json\/wp\/v2\/pages\/3875","targetHints":{"allow":["GET"]}}],"collection":[{"href":"https:\/\/socma.info\/es\/wp-json\/wp\/v2\/pages"}],"about":[{"href":"https:\/\/socma.info\/es\/wp-json\/wp\/v2\/types\/page"}],"author":[{"embeddable":true,"href":"https:\/\/socma.info\/es\/wp-json\/wp\/v2\/users\/1"}],"replies":[{"embeddable":true,"href":"https:\/\/socma.info\/es\/wp-json\/wp\/v2\/comments?post=3875"}],"version-history":[{"count":4,"href":"https:\/\/socma.info\/es\/wp-json\/wp\/v2\/pages\/3875\/revisions"}],"predecessor-version":[{"id":3879,"href":"https:\/\/socma.info\/es\/wp-json\/wp\/v2\/pages\/3875\/revisions\/3879"}],"wp:attachment":[{"href":"https:\/\/socma.info\/es\/wp-json\/wp\/v2\/media?parent=3875"}],"curies":[{"name":"wp","href":"https:\/\/api.w.org\/{rel}","templated":true}]}}