{"id":2814,"date":"2022-11-08T15:05:16","date_gmt":"2022-11-08T14:05:16","guid":{"rendered":"https:\/\/socma.info\/actualites\/"},"modified":"2023-08-31T13:08:57","modified_gmt":"2023-08-31T11:08:57","slug":"noticias","status":"publish","type":"page","link":"https:\/\/socma.info\/es\/noticias\/","title":{"rendered":"Noticias"},"content":{"rendered":"\t\t<div data-elementor-type=\"wp-page\" data-elementor-id=\"2814\" class=\"elementor elementor-2814 elementor-285\" data-elementor-post-type=\"page\">\n\t\t\t\t\t\t\t\t\t<section class=\"elementor-section elementor-top-section elementor-element elementor-element-026d0f1 elementor-section-full_width elementor-section-height-min-height elementor-section-items-stretch elementor-section-height-default\" data-id=\"026d0f1\" data-element_type=\"section\">\n\t\t\t\t\t\t<div class=\"elementor-container elementor-column-gap-default\">\n\t\t\t\t\t<div class=\"elementor-column elementor-col-50 elementor-top-column elementor-element elementor-element-6347047\" data-id=\"6347047\" data-element_type=\"column\" data-settings=\"{&quot;background_background&quot;:&quot;classic&quot;}\">\n\t\t\t<div class=\"elementor-widget-wrap elementor-element-populated\">\n\t\t\t\t\t\t\t\t<div class=\"elementor-element elementor-element-da527d5 elementor-widget elementor-widget-heading\" data-id=\"da527d5\" data-element_type=\"widget\" data-widget_type=\"heading.default\">\n\t\t\t\t<div class=\"elementor-widget-container\">\n\t\t\t<style>\/*! elementor - v3.18.0 - 20-12-2023 *\/\n.elementor-heading-title{padding:0;margin:0;line-height:1}.elementor-widget-heading .elementor-heading-title[class*=elementor-size-]>a{color:inherit;font-size:inherit;line-height:inherit}.elementor-widget-heading .elementor-heading-title.elementor-size-small{font-size:15px}.elementor-widget-heading .elementor-heading-title.elementor-size-medium{font-size:19px}.elementor-widget-heading .elementor-heading-title.elementor-size-large{font-size:29px}.elementor-widget-heading .elementor-heading-title.elementor-size-xl{font-size:39px}.elementor-widget-heading .elementor-heading-title.elementor-size-xxl{font-size:59px}<\/style><h1 class=\"elementor-heading-title elementor-size-default\">Nuestras Noticias<\/h1>\t\t<\/div>\n\t\t\t\t<\/div>\n\t\t\t\t<div class=\"elementor-element elementor-element-99f5760 elementor-widget elementor-widget-heading\" data-id=\"99f5760\" data-element_type=\"widget\" data-widget_type=\"heading.default\">\n\t\t\t\t<div class=\"elementor-widget-container\">\n\t\t\t<h2 class=\"elementor-heading-title elementor-size-default\">Novedades, nuevas m\u00e1quinas, nuevas cosechas, nuevas personas. El mundo SOCMA<\/h2>\t\t<\/div>\n\t\t\t\t<\/div>\n\t\t\t\t<div class=\"elementor-element elementor-element-d632303 elementor-widget elementor-widget-spacer\" data-id=\"d632303\" data-element_type=\"widget\" data-widget_type=\"spacer.default\">\n\t\t\t\t<div class=\"elementor-widget-container\">\n\t\t\t<style>\/*! elementor - v3.18.0 - 20-12-2023 *\/\n.elementor-column .elementor-spacer-inner{height:var(--spacer-size)}.e-con{--container-widget-width:100%}.e-con-inner>.elementor-widget-spacer,.e-con>.elementor-widget-spacer{width:var(--container-widget-width,var(--spacer-size));--align-self:var(--container-widget-align-self,initial);--flex-shrink:0}.e-con-inner>.elementor-widget-spacer>.elementor-widget-container,.e-con>.elementor-widget-spacer>.elementor-widget-container{height:100%;width:100%}.e-con-inner>.elementor-widget-spacer>.elementor-widget-container>.elementor-spacer,.e-con>.elementor-widget-spacer>.elementor-widget-container>.elementor-spacer{height:100%}.e-con-inner>.elementor-widget-spacer>.elementor-widget-container>.elementor-spacer>.elementor-spacer-inner,.e-con>.elementor-widget-spacer>.elementor-widget-container>.elementor-spacer>.elementor-spacer-inner{height:var(--container-widget-height,var(--spacer-size))}.e-con-inner>.elementor-widget-spacer.elementor-widget-empty,.e-con>.elementor-widget-spacer.elementor-widget-empty{position:relative;min-height:22px;min-width:22px}.e-con-inner>.elementor-widget-spacer.elementor-widget-empty .elementor-widget-empty-icon,.e-con>.elementor-widget-spacer.elementor-widget-empty .elementor-widget-empty-icon{position:absolute;top:0;bottom:0;left:0;right:0;margin:auto;padding:0;width:22px;height:22px}<\/style>\t\t<div class=\"elementor-spacer\">\n\t\t\t<div class=\"elementor-spacer-inner\"><\/div>\n\t\t<\/div>\n\t\t\t\t<\/div>\n\t\t\t\t<\/div>\n\t\t\t\t\t<\/div>\n\t\t<\/div>\n\t\t\t\t<div class=\"elementor-column elementor-col-50 elementor-top-column elementor-element elementor-element-8559d47\" data-id=\"8559d47\" data-element_type=\"column\" data-settings=\"{&quot;background_background&quot;:&quot;classic&quot;}\">\n\t\t\t<div class=\"elementor-widget-wrap elementor-element-populated\">\n\t\t\t\t\t\t\t\t<div class=\"elementor-element elementor-element-4ac0f94 elementor-widget elementor-widget-spacer\" data-id=\"4ac0f94\" data-element_type=\"widget\" data-widget_type=\"spacer.default\">\n\t\t\t\t<div class=\"elementor-widget-container\">\n\t\t\t\t\t<div class=\"elementor-spacer\">\n\t\t\t<div class=\"elementor-spacer-inner\"><\/div>\n\t\t<\/div>\n\t\t\t\t<\/div>\n\t\t\t\t<\/div>\n\t\t\t\t\t<\/div>\n\t\t<\/div>\n\t\t\t\t\t\t\t<\/div>\n\t\t<\/section>\n\t\t\t\t<section class=\"elementor-section elementor-top-section elementor-element elementor-element-807a9e0 elementor-section-boxed elementor-section-height-default elementor-section-height-default\" data-id=\"807a9e0\" data-element_type=\"section\">\n\t\t\t\t\t\t<div class=\"elementor-container elementor-column-gap-default\">\n\t\t\t\t\t<div class=\"elementor-column elementor-col-100 elementor-top-column elementor-element elementor-element-297d730\" data-id=\"297d730\" data-element_type=\"column\">\n\t\t\t<div class=\"elementor-widget-wrap elementor-element-populated\">\n\t\t\t\t\t\t\t\t<div class=\"elementor-element elementor-element-8fbdd05 elementor-posts--align-left elementor-posts__hover-none elementor-grid-tablet-3 elementor-grid-3 elementor-grid-mobile-1 elementor-posts--thumbnail-top elementor-widget elementor-widget-posts\" data-id=\"8fbdd05\" data-element_type=\"widget\" data-settings=\"{&quot;cards_row_gap&quot;:{&quot;unit&quot;:&quot;px&quot;,&quot;size&quot;:&quot;80&quot;,&quot;sizes&quot;:[]},&quot;cards_columns_tablet&quot;:&quot;3&quot;,&quot;cards_row_gap_mobile&quot;:{&quot;unit&quot;:&quot;px&quot;,&quot;size&quot;:60,&quot;sizes&quot;:[]},&quot;cards_columns&quot;:&quot;3&quot;,&quot;cards_columns_mobile&quot;:&quot;1&quot;,&quot;cards_row_gap_tablet&quot;:{&quot;unit&quot;:&quot;px&quot;,&quot;size&quot;:&quot;&quot;,&quot;sizes&quot;:[]}}\" data-widget_type=\"posts.cards\">\n\t\t\t\t<div class=\"elementor-widget-container\">\n\t\t\t<link rel=\"stylesheet\" href=\"https:\/\/socma.info\/wp-content\/plugins\/elementor-pro\/assets\/css\/widget-posts.min.css\">\t\t<div class=\"elementor-posts-container elementor-posts elementor-posts--skin-cards elementor-grid\">\n\t\t\t\t<article class=\"elementor-post elementor-grid-item post-3901 post type-post status-publish format-standard has-post-thumbnail hentry category-uncategorized\">\n\t\t\t<div class=\"elementor-post__card\">\n\t\t\t\t<a class=\"elementor-post__thumbnail__link\" href=\"https:\/\/socma.info\/es\/encuentrenos-ahora-en-la-feria-vinitech-sifel-2\/\" tabindex=\"-1\" ><div class=\"elementor-post__thumbnail\"><img fetchpriority=\"high\" decoding=\"async\" width=\"1080\" height=\"1080\" src=\"https:\/\/socma.info\/wp-content\/uploads\/2023\/09\/a1_d_046_square.png\" class=\"attachment-full size-full wp-image-3924\" alt=\"\" srcset=\"https:\/\/socma.info\/wp-content\/uploads\/2023\/09\/a1_d_046_square.png 1080w, https:\/\/socma.info\/wp-content\/uploads\/2023\/09\/a1_d_046_square-300x300.png 300w, https:\/\/socma.info\/wp-content\/uploads\/2023\/09\/a1_d_046_square-1024x1024.png 1024w, https:\/\/socma.info\/wp-content\/uploads\/2023\/09\/a1_d_046_square-150x150.png 150w, https:\/\/socma.info\/wp-content\/uploads\/2023\/09\/a1_d_046_square-768x768.png 768w, https:\/\/socma.info\/wp-content\/uploads\/2023\/09\/a1_d_046_square-700x700.png 700w\" sizes=\"(max-width: 1080px) 100vw, 1080px\" \/><\/div><\/a>\n\t\t\t\t<div class=\"elementor-post__text\">\n\t\t\t\t<h3 class=\"elementor-post__title\">\n\t\t\t<a href=\"https:\/\/socma.info\/es\/encuentrenos-ahora-en-la-feria-vinitech-sifel-2\/\" >\n\t\t\t\t\u00a1Encu\u00e9ntrenos en el salon SITEVI del 28 al 30 noviembre de 2023!\t\t\t<\/a>\n\t\t<\/h3>\n\t\t\t\t<div class=\"elementor-post__excerpt\">\n\t\t\t<p>Del 28 al 30 de noviembre de 2023, SITEVI le dar\u00e1 acceso a los mejores avances en equipos y conocimientos t\u00e9cnicos para los sectores de<\/p>\n\t\t<\/div>\n\t\t\n\t\t<a class=\"elementor-post__read-more\" href=\"https:\/\/socma.info\/es\/encuentrenos-ahora-en-la-feria-vinitech-sifel-2\/\" aria-label=\"M\u00e1s informaci\u00f3n sobre \u00a1Encu\u00e9ntrenos en el salon SITEVI del 28 al 30 noviembre de 2023!\" tabindex=\"-1\" >\n\t\t\tsaber m\u00e1s\t\t<\/a>\n\n\t\t\t\t<\/div>\n\t\t\t\t\t<\/div>\n\t\t<\/article>\n\t\t\t\t<article class=\"elementor-post elementor-grid-item post-2828 post type-post status-publish format-standard has-post-thumbnail hentry category-sin-categorizar\">\n\t\t\t<div class=\"elementor-post__card\">\n\t\t\t\t<a class=\"elementor-post__thumbnail__link\" href=\"https:\/\/socma.info\/es\/cuales-son-las-ventajas-de-la-seleccion-densimetrica\/\" tabindex=\"-1\" ><div class=\"elementor-post__thumbnail\"><img decoding=\"async\" width=\"1710\" height=\"2560\" src=\"https:\/\/socma.info\/wp-content\/uploads\/2023\/07\/SOCMA-368-1-scaled.jpg\" class=\"attachment-full size-full wp-image-2752\" alt=\"\" srcset=\"https:\/\/socma.info\/wp-content\/uploads\/2023\/07\/SOCMA-368-1-scaled.jpg 1710w, https:\/\/socma.info\/wp-content\/uploads\/2023\/07\/SOCMA-368-1-200x300.jpg 200w, https:\/\/socma.info\/wp-content\/uploads\/2023\/07\/SOCMA-368-1-684x1024.jpg 684w, https:\/\/socma.info\/wp-content\/uploads\/2023\/07\/SOCMA-368-1-768x1150.jpg 768w, https:\/\/socma.info\/wp-content\/uploads\/2023\/07\/SOCMA-368-1-1026x1536.jpg 1026w, https:\/\/socma.info\/wp-content\/uploads\/2023\/07\/SOCMA-368-1-1368x2048.jpg 1368w\" sizes=\"(max-width: 1710px) 100vw, 1710px\" \/><\/div><\/a>\n\t\t\t\t<div class=\"elementor-post__text\">\n\t\t\t\t<h3 class=\"elementor-post__title\">\n\t\t\t<a href=\"https:\/\/socma.info\/es\/cuales-son-las-ventajas-de-la-seleccion-densimetrica\/\" >\n\t\t\t\t\u00bfCU\u00c1LES SON LAS VENTAJAS DE LA SELECCI\u00d3N DENSIM\u00c9TRICA?\t\t\t<\/a>\n\t\t<\/h3>\n\t\t\t\t<div class=\"elementor-post__excerpt\">\n\t\t\t<p>5 Ventajas de la Selecci\u00f3n Densim\u00e9trica Introducida por primera vez en la d\u00e9cada de 1930 para la industria, la selecci\u00f3n densim\u00e9trica es un m\u00e9todo utilizado<\/p>\n\t\t<\/div>\n\t\t\n\t\t<a class=\"elementor-post__read-more\" href=\"https:\/\/socma.info\/es\/cuales-son-las-ventajas-de-la-seleccion-densimetrica\/\" aria-label=\"M\u00e1s informaci\u00f3n sobre \u00bfCU\u00c1LES SON LAS VENTAJAS DE LA SELECCI\u00d3N DENSIM\u00c9TRICA?\" tabindex=\"-1\" >\n\t\t\tsaber m\u00e1s\t\t<\/a>\n\n\t\t\t\t<\/div>\n\t\t\t\t\t<\/div>\n\t\t<\/article>\n\t\t\t\t<article class=\"elementor-post elementor-grid-item post-2836 post type-post status-publish format-standard has-post-thumbnail hentry category-sin-categorizar\">\n\t\t\t<div class=\"elementor-post__card\">\n\t\t\t\t<a class=\"elementor-post__thumbnail__link\" href=\"https:\/\/socma.info\/es\/la-seleccion-de-la-vendimia-un-paso-crucial-en-la-elaboracion-de-un-buen-vino\/\" tabindex=\"-1\" ><div class=\"elementor-post__thumbnail\"><img decoding=\"async\" width=\"2560\" height=\"1710\" src=\"https:\/\/socma.info\/wp-content\/uploads\/2023\/06\/SOCMA-366-scaled.jpg\" class=\"attachment-full size-full wp-image-2742\" alt=\"\" srcset=\"https:\/\/socma.info\/wp-content\/uploads\/2023\/06\/SOCMA-366-scaled.jpg 2560w, https:\/\/socma.info\/wp-content\/uploads\/2023\/06\/SOCMA-366-300x200.jpg 300w, https:\/\/socma.info\/wp-content\/uploads\/2023\/06\/SOCMA-366-1024x684.jpg 1024w, https:\/\/socma.info\/wp-content\/uploads\/2023\/06\/SOCMA-366-768x513.jpg 768w, https:\/\/socma.info\/wp-content\/uploads\/2023\/06\/SOCMA-366-1536x1026.jpg 1536w, https:\/\/socma.info\/wp-content\/uploads\/2023\/06\/SOCMA-366-2048x1368.jpg 2048w\" sizes=\"(max-width: 2560px) 100vw, 2560px\" \/><\/div><\/a>\n\t\t\t\t<div class=\"elementor-post__text\">\n\t\t\t\t<h3 class=\"elementor-post__title\">\n\t\t\t<a href=\"https:\/\/socma.info\/es\/la-seleccion-de-la-vendimia-un-paso-crucial-en-la-elaboracion-de-un-buen-vino\/\" >\n\t\t\t\tLa selecci\u00f3n de la vendimia: un paso crucial en la elaboraci\u00f3n de un buen vino\t\t\t<\/a>\n\t\t<\/h3>\n\t\t\t\t<div class=\"elementor-post__excerpt\">\n\t\t\t<p>La selecci\u00f3n de la vendimia es el primer paso en la bodega y es determinante tanto en la expresi\u00f3n final del vino como en la<\/p>\n\t\t<\/div>\n\t\t\n\t\t<a class=\"elementor-post__read-more\" href=\"https:\/\/socma.info\/es\/la-seleccion-de-la-vendimia-un-paso-crucial-en-la-elaboracion-de-un-buen-vino\/\" aria-label=\"M\u00e1s informaci\u00f3n sobre La selecci\u00f3n de la vendimia: un paso crucial en la elaboraci\u00f3n de un buen vino\" tabindex=\"-1\" >\n\t\t\tsaber m\u00e1s\t\t<\/a>\n\n\t\t\t\t<\/div>\n\t\t\t\t\t<\/div>\n\t\t<\/article>\n\t\t\t\t<article class=\"elementor-post elementor-grid-item post-2866 post type-post status-publish format-standard has-post-thumbnail hentry category-sin-categorizar\">\n\t\t\t<div class=\"elementor-post__card\">\n\t\t\t\t<a class=\"elementor-post__thumbnail__link\" href=\"https:\/\/socma.info\/es\/encuentrenos-ahora-en-la-feria-vinitech-sifel\/\" tabindex=\"-1\" ><div class=\"elementor-post__thumbnail\"><img loading=\"lazy\" decoding=\"async\" width=\"950\" height=\"950\" src=\"https:\/\/socma.info\/wp-content\/uploads\/2022\/11\/socma-actualites-4.jpg\" class=\"attachment-full size-full wp-image-2720\" alt=\"\" srcset=\"https:\/\/socma.info\/wp-content\/uploads\/2022\/11\/socma-actualites-4.jpg 950w, https:\/\/socma.info\/wp-content\/uploads\/2022\/11\/socma-actualites-4-300x300.jpg 300w, https:\/\/socma.info\/wp-content\/uploads\/2022\/11\/socma-actualites-4-150x150.jpg 150w, https:\/\/socma.info\/wp-content\/uploads\/2022\/11\/socma-actualites-4-768x768.jpg 768w, https:\/\/socma.info\/wp-content\/uploads\/2022\/11\/socma-actualites-4-700x700.jpg 700w\" sizes=\"(max-width: 950px) 100vw, 950px\" \/><\/div><\/a>\n\t\t\t\t<div class=\"elementor-post__text\">\n\t\t\t\t<h3 class=\"elementor-post__title\">\n\t\t\t<a href=\"https:\/\/socma.info\/es\/encuentrenos-ahora-en-la-feria-vinitech-sifel\/\" >\n\t\t\t\t\u00a1Encu\u00e9ntrenos ahora en la feria VINITECH SIFEL!\t\t\t<\/a>\n\t\t<\/h3>\n\t\t\t\t<div class=\"elementor-post__excerpt\">\n\t\t\t<p>\u00danase a nosotros desde el 29 de noviembre hasta el 1 de diciembre de 2022 en Vinitech-Sifel, la cita mundial de la innovaci\u00f3n. SOCMA estar\u00e1<\/p>\n\t\t<\/div>\n\t\t\n\t\t<a class=\"elementor-post__read-more\" href=\"https:\/\/socma.info\/es\/encuentrenos-ahora-en-la-feria-vinitech-sifel\/\" aria-label=\"M\u00e1s informaci\u00f3n sobre \u00a1Encu\u00e9ntrenos ahora en la feria VINITECH SIFEL!\" tabindex=\"-1\" >\n\t\t\tsaber m\u00e1s\t\t<\/a>\n\n\t\t\t\t<\/div>\n\t\t\t\t\t<\/div>\n\t\t<\/article>\n\t\t\t\t<article class=\"elementor-post elementor-grid-item post-2844 post type-post status-publish format-standard has-post-thumbnail hentry category-sin-categorizar\">\n\t\t\t<div class=\"elementor-post__card\">\n\t\t\t\t<a class=\"elementor-post__thumbnail__link\" href=\"https:\/\/socma.info\/es\/socma-en-colaboracion-con-inrae-e-ifv\/\" tabindex=\"-1\" ><div class=\"elementor-post__thumbnail\"><img loading=\"lazy\" decoding=\"async\" width=\"1046\" height=\"1422\" src=\"https:\/\/socma.info\/wp-content\/uploads\/2022\/08\/Capture-decran-2023-08-22-a-15.41.32.png\" class=\"attachment-full size-full wp-image-2772\" alt=\"\" srcset=\"https:\/\/socma.info\/wp-content\/uploads\/2022\/08\/Capture-decran-2023-08-22-a-15.41.32.png 1046w, https:\/\/socma.info\/wp-content\/uploads\/2022\/08\/Capture-decran-2023-08-22-a-15.41.32-221x300.png 221w, https:\/\/socma.info\/wp-content\/uploads\/2022\/08\/Capture-decran-2023-08-22-a-15.41.32-753x1024.png 753w, https:\/\/socma.info\/wp-content\/uploads\/2022\/08\/Capture-decran-2023-08-22-a-15.41.32-768x1044.png 768w\" sizes=\"(max-width: 1046px) 100vw, 1046px\" \/><\/div><\/a>\n\t\t\t\t<div class=\"elementor-post__text\">\n\t\t\t\t<h3 class=\"elementor-post__title\">\n\t\t\t<a href=\"https:\/\/socma.info\/es\/socma-en-colaboracion-con-inrae-e-ifv\/\" >\n\t\t\t\tSOCMA en colaboraci\u00f3n con INRAE e IFV\t\t\t<\/a>\n\t\t<\/h3>\n\t\t\t\t<div class=\"elementor-post__excerpt\">\n\t\t\t<p>El sector vitivin\u00edcola enfrenta numerosos desaf\u00edos: reducir el uso de insumos qu\u00edmicos en vi\u00f1edos y bodegas, anticipar el cambio clim\u00e1tico y satisfacer la demanda de<\/p>\n\t\t<\/div>\n\t\t\n\t\t<a class=\"elementor-post__read-more\" href=\"https:\/\/socma.info\/es\/socma-en-colaboracion-con-inrae-e-ifv\/\" aria-label=\"M\u00e1s informaci\u00f3n sobre SOCMA en colaboraci\u00f3n con INRAE e IFV\" tabindex=\"-1\" >\n\t\t\tsaber m\u00e1s\t\t<\/a>\n\n\t\t\t\t<\/div>\n\t\t\t\t\t<\/div>\n\t\t<\/article>\n\t\t\t\t<article class=\"elementor-post elementor-grid-item post-2853 post type-post status-publish format-standard has-post-thumbnail hentry category-sin-categorizar\">\n\t\t\t<div class=\"elementor-post__card\">\n\t\t\t\t<a class=\"elementor-post__thumbnail__link\" href=\"https:\/\/socma.info\/es\/socma-esta-contratando\/\" tabindex=\"-1\" ><div class=\"elementor-post__thumbnail\"><img loading=\"lazy\" decoding=\"async\" width=\"916\" height=\"904\" src=\"https:\/\/socma.info\/wp-content\/uploads\/2022\/11\/socma-actualites-2.jpg\" class=\"attachment-full size-full wp-image-2428\" alt=\"\" srcset=\"https:\/\/socma.info\/wp-content\/uploads\/2022\/11\/socma-actualites-2.jpg 916w, https:\/\/socma.info\/wp-content\/uploads\/2022\/11\/socma-actualites-2-300x296.jpg 300w, https:\/\/socma.info\/wp-content\/uploads\/2022\/11\/socma-actualites-2-768x758.jpg 768w\" sizes=\"(max-width: 916px) 100vw, 916px\" \/><\/div><\/a>\n\t\t\t\t<div class=\"elementor-post__text\">\n\t\t\t\t<h3 class=\"elementor-post__title\">\n\t\t\t<a href=\"https:\/\/socma.info\/es\/socma-esta-contratando\/\" >\n\t\t\t\t\u00a1SOCMA est\u00e1 contratando!\t\t\t<\/a>\n\t\t<\/h3>\n\t\t\t\t<div class=\"elementor-post__excerpt\">\n\t\t\t<p>Dise\u00f1ador Industrial (H\/M) Para fortalecer nuestro equipo de ingenier\u00eda, estamos buscando un Dise\u00f1ador Industrial (M\/F) con dominio de Solidworks. Sus responsabilidades incluir\u00e1n: \u27a1\ufe0f Dise\u00f1o R&amp;D,<\/p>\n\t\t<\/div>\n\t\t\n\t\t<a class=\"elementor-post__read-more\" href=\"https:\/\/socma.info\/es\/socma-esta-contratando\/\" aria-label=\"M\u00e1s informaci\u00f3n sobre \u00a1SOCMA est\u00e1 contratando!\" tabindex=\"-1\" >\n\t\t\tsaber m\u00e1s\t\t<\/a>\n\n\t\t\t\t<\/div>\n\t\t\t\t\t<\/div>\n\t\t<\/article>\n\t\t\t\t<\/div>\n\t\t\n\t\t\t\t<\/div>\n\t\t\t\t<\/div>\n\t\t\t\t\t<\/div>\n\t\t<\/div>\n\t\t\t\t\t\t\t<\/div>\n\t\t<\/section>\n\t\t\t\t\t\t\t<\/div>\n\t\t","protected":false},"excerpt":{"rendered":"<p>Nuestras Noticias Novedades, nuevas m\u00e1quinas, nuevas cosechas, nuevas personas. El mundo SOCMA<\/p>\n","protected":false},"author":1,"featured_media":2384,"parent":0,"menu_order":0,"comment_status":"closed","ping_status":"closed","template":"elementor_header_footer","meta":{"inline_featured_image":false,"footnotes":""},"class_list":["post-2814","page","type-page","status-publish","has-post-thumbnail","hentry"],"acf":[],"yoast_head":"<!-- This site is optimized with the Yoast SEO plugin v21.8 - https:\/\/yoast.com\/wordpress\/plugins\/seo\/ -->\n<title>Noticias | SOCMA<\/title>\n<meta name=\"description\" content=\"Nuevas m\u00e1quinas, nuevas cosechas, nuevas personas. Descubre aqu\u00ed el universo completo de SOCMA\" \/>\n<meta name=\"robots\" content=\"index, follow, max-snippet:-1, max-image-preview:large, max-video-preview:-1\" \/>\n<link rel=\"canonical\" href=\"https:\/\/socma.info\/es\/noticias\/\" \/>\n<meta property=\"og:locale\" content=\"es_ES\" \/>\n<meta property=\"og:type\" content=\"article\" \/>\n<meta property=\"og:title\" content=\"Noticias | SOCMA\" \/>\n<meta property=\"og:description\" content=\"Nuevas m\u00e1quinas, nuevas cosechas, nuevas personas. Descubre aqu\u00ed el universo completo de SOCMA\" \/>\n<meta property=\"og:url\" content=\"https:\/\/socma.info\/es\/noticias\/\" \/>\n<meta property=\"og:site_name\" content=\"SOCMA\" \/>\n<meta property=\"article:publisher\" content=\"https:\/\/www.facebook.com\/Socma.France\/\" \/>\n<meta property=\"article:modified_time\" content=\"2023-08-31T11:08:57+00:00\" \/>\n<meta property=\"og:image\" content=\"https:\/\/socma.info\/wp-content\/uploads\/2022\/11\/socma-actualites.jpg\" \/>\n\t<meta property=\"og:image:width\" content=\"1000\" \/>\n\t<meta property=\"og:image:height\" content=\"1046\" \/>\n\t<meta property=\"og:image:type\" content=\"image\/jpeg\" \/>\n<meta name=\"twitter:card\" content=\"summary_large_image\" \/>\n<meta name=\"twitter:label1\" content=\"Tiempo de lectura\" \/>\n\t<meta name=\"twitter:data1\" content=\"1 minuto\" \/>\n<script type=\"application\/ld+json\" class=\"yoast-schema-graph\">{\"@context\":\"https:\/\/schema.org\",\"@graph\":[{\"@type\":\"WebPage\",\"@id\":\"https:\/\/socma.info\/es\/noticias\/\",\"url\":\"https:\/\/socma.info\/es\/noticias\/\",\"name\":\"Noticias | SOCMA\",\"isPartOf\":{\"@id\":\"https:\/\/socma.info\/es\/#website\"},\"datePublished\":\"2022-11-08T14:05:16+00:00\",\"dateModified\":\"2023-08-31T11:08:57+00:00\",\"description\":\"Nuevas m\u00e1quinas, nuevas cosechas, nuevas personas. Descubre aqu\u00ed el universo completo de SOCMA\",\"breadcrumb\":{\"@id\":\"https:\/\/socma.info\/es\/noticias\/#breadcrumb\"},\"inLanguage\":\"es\",\"potentialAction\":[{\"@type\":\"ReadAction\",\"target\":[\"https:\/\/socma.info\/es\/noticias\/\"]}]},{\"@type\":\"BreadcrumbList\",\"@id\":\"https:\/\/socma.info\/es\/noticias\/#breadcrumb\",\"itemListElement\":[{\"@type\":\"ListItem\",\"position\":1,\"name\":\"Accueil\",\"item\":\"https:\/\/socma.info\/es\/\"},{\"@type\":\"ListItem\",\"position\":2,\"name\":\"Noticias\"}]},{\"@type\":\"WebSite\",\"@id\":\"https:\/\/socma.info\/es\/#website\",\"url\":\"https:\/\/socma.info\/es\/\",\"name\":\"SOCMA\",\"description\":\"Le respect du fruit de vos efforts\",\"publisher\":{\"@id\":\"https:\/\/socma.info\/es\/#organization\"},\"alternateName\":\"Soci\u00e9t\u00e9 Occitane de Maintenance\",\"potentialAction\":[{\"@type\":\"SearchAction\",\"target\":{\"@type\":\"EntryPoint\",\"urlTemplate\":\"https:\/\/socma.info\/es\/?s={search_term_string}\"},\"query-input\":\"required name=search_term_string\"}],\"inLanguage\":\"es\"},{\"@type\":\"Organization\",\"@id\":\"https:\/\/socma.info\/es\/#organization\",\"name\":\"SOCMA\",\"alternateName\":\"Soci\u00e9t\u00e9 Occitane de Maintenance\",\"url\":\"https:\/\/socma.info\/es\/\",\"logo\":{\"@type\":\"ImageObject\",\"inLanguage\":\"es\",\"@id\":\"https:\/\/socma.info\/es\/#\/schema\/logo\/image\/\",\"url\":\"https:\/\/socma.info\/wp-content\/uploads\/2022\/11\/LOGO-SOCMA.png\",\"contentUrl\":\"https:\/\/socma.info\/wp-content\/uploads\/2022\/11\/LOGO-SOCMA.png\",\"width\":800,\"height\":644,\"caption\":\"SOCMA\"},\"image\":{\"@id\":\"https:\/\/socma.info\/es\/#\/schema\/logo\/image\/\"},\"sameAs\":[\"https:\/\/www.facebook.com\/Socma.France\/\",\"https:\/\/www.instagram.com\/socma_narbonne\/\",\"https:\/\/www.linkedin.com\/company\/socma-narbonne\/\"]}]}<\/script>\n<!-- \/ Yoast SEO plugin. -->","yoast_head_json":{"title":"Noticias | SOCMA","description":"Nuevas m\u00e1quinas, nuevas cosechas, nuevas personas. Descubre aqu\u00ed el universo completo de SOCMA","robots":{"index":"index","follow":"follow","max-snippet":"max-snippet:-1","max-image-preview":"max-image-preview:large","max-video-preview":"max-video-preview:-1"},"canonical":"https:\/\/socma.info\/es\/noticias\/","og_locale":"es_ES","og_type":"article","og_title":"Noticias | SOCMA","og_description":"Nuevas m\u00e1quinas, nuevas cosechas, nuevas personas. Descubre aqu\u00ed el universo completo de SOCMA","og_url":"https:\/\/socma.info\/es\/noticias\/","og_site_name":"SOCMA","article_publisher":"https:\/\/www.facebook.com\/Socma.France\/","article_modified_time":"2023-08-31T11:08:57+00:00","og_image":[{"width":1000,"height":1046,"url":"https:\/\/socma.info\/wp-content\/uploads\/2022\/11\/socma-actualites.jpg","type":"image\/jpeg"}],"twitter_card":"summary_large_image","twitter_misc":{"Tiempo de lectura":"1 minuto"},"schema":{"@context":"https:\/\/schema.org","@graph":[{"@type":"WebPage","@id":"https:\/\/socma.info\/es\/noticias\/","url":"https:\/\/socma.info\/es\/noticias\/","name":"Noticias | SOCMA","isPartOf":{"@id":"https:\/\/socma.info\/es\/#website"},"datePublished":"2022-11-08T14:05:16+00:00","dateModified":"2023-08-31T11:08:57+00:00","description":"Nuevas m\u00e1quinas, nuevas cosechas, nuevas personas. Descubre aqu\u00ed el universo completo de SOCMA","breadcrumb":{"@id":"https:\/\/socma.info\/es\/noticias\/#breadcrumb"},"inLanguage":"es","potentialAction":[{"@type":"ReadAction","target":["https:\/\/socma.info\/es\/noticias\/"]}]},{"@type":"BreadcrumbList","@id":"https:\/\/socma.info\/es\/noticias\/#breadcrumb","itemListElement":[{"@type":"ListItem","position":1,"name":"Accueil","item":"https:\/\/socma.info\/es\/"},{"@type":"ListItem","position":2,"name":"Noticias"}]},{"@type":"WebSite","@id":"https:\/\/socma.info\/es\/#website","url":"https:\/\/socma.info\/es\/","name":"SOCMA","description":"Le respect du fruit de vos efforts","publisher":{"@id":"https:\/\/socma.info\/es\/#organization"},"alternateName":"Soci\u00e9t\u00e9 Occitane de Maintenance","potentialAction":[{"@type":"SearchAction","target":{"@type":"EntryPoint","urlTemplate":"https:\/\/socma.info\/es\/?s={search_term_string}"},"query-input":"required name=search_term_string"}],"inLanguage":"es"},{"@type":"Organization","@id":"https:\/\/socma.info\/es\/#organization","name":"SOCMA","alternateName":"Soci\u00e9t\u00e9 Occitane de Maintenance","url":"https:\/\/socma.info\/es\/","logo":{"@type":"ImageObject","inLanguage":"es","@id":"https:\/\/socma.info\/es\/#\/schema\/logo\/image\/","url":"https:\/\/socma.info\/wp-content\/uploads\/2022\/11\/LOGO-SOCMA.png","contentUrl":"https:\/\/socma.info\/wp-content\/uploads\/2022\/11\/LOGO-SOCMA.png","width":800,"height":644,"caption":"SOCMA"},"image":{"@id":"https:\/\/socma.info\/es\/#\/schema\/logo\/image\/"},"sameAs":["https:\/\/www.facebook.com\/Socma.France\/","https:\/\/www.instagram.com\/socma_narbonne\/","https:\/\/www.linkedin.com\/company\/socma-narbonne\/"]}]}},"_links":{"self":[{"href":"https:\/\/socma.info\/es\/wp-json\/wp\/v2\/pages\/2814","targetHints":{"allow":["GET"]}}],"collection":[{"href":"https:\/\/socma.info\/es\/wp-json\/wp\/v2\/pages"}],"about":[{"href":"https:\/\/socma.info\/es\/wp-json\/wp\/v2\/types\/page"}],"author":[{"embeddable":true,"href":"https:\/\/socma.info\/es\/wp-json\/wp\/v2\/users\/1"}],"replies":[{"embeddable":true,"href":"https:\/\/socma.info\/es\/wp-json\/wp\/v2\/comments?post=2814"}],"version-history":[{"count":9,"href":"https:\/\/socma.info\/es\/wp-json\/wp\/v2\/pages\/2814\/revisions"}],"predecessor-version":[{"id":3156,"href":"https:\/\/socma.info\/es\/wp-json\/wp\/v2\/pages\/2814\/revisions\/3156"}],"wp:featuredmedia":[{"embeddable":true,"href":"https:\/\/socma.info\/es\/wp-json\/wp\/v2\/media\/2384"}],"wp:attachment":[{"href":"https:\/\/socma.info\/es\/wp-json\/wp\/v2\/media?parent=2814"}],"curies":[{"name":"wp","href":"https:\/\/api.w.org\/{rel}","templated":true}]}}